{"id":8,"date":"2018-11-15T19:20:12","date_gmt":"2018-11-15T19:20:12","guid":{"rendered":"http:\/\/me-ga.ch\/?page_id=8"},"modified":"2018-12-31T14:27:10","modified_gmt":"2018-12-31T13:27:10","slug":"startseite","status":"publish","type":"page","link":"https:\/\/me-ga.ch\/","title":{"rendered":"Herzlich Willkommen&#8230;"},"content":{"rendered":"<p>Herzlich willkommen auf meiner Webpage.\u00a0<\/p>\n<p>Hier werde ich in Zukunft \u00fcber meine Aktivit\u00e4ten berichten, soweit diese von breiterem Interesse sein k\u00f6nnten.<br \/>Wichtig sind f\u00fcr mich die Bereiche Politik, wo ich mich auf der Linie der CVP f\u00fcr Mensch und Umwelt einsetze.<br \/>Des weiteren berichte ich hier laufend \u00fcber meine Aktivit\u00e4ten in Galgenen und Andermatt sowie alle gr\u00f6sseren Reisen.\u00a0<\/p>\n\n\n<figure class=\"wp-block-image\"><img loading=\"lazy\" decoding=\"async\" width=\"160\" height=\"160\" src=\"http:\/\/me-ga.ch\/wp-content\/uploads\/2018\/12\/Peter-2.jpg\" alt=\"\" class=\"wp-image-189\" srcset=\"https:\/\/me-ga.ch\/wp-content\/uploads\/2018\/12\/Peter-2.jpg 160w, https:\/\/me-ga.ch\/wp-content\/uploads\/2018\/12\/Peter-2-150x150.jpg 150w, https:\/\/me-ga.ch\/wp-content\/uploads\/2018\/12\/Peter-2-100x100.jpg 100w\" sizes=\"auto, (max-width: 160px) 100vw, 160px\" \/><\/figure>\n","protected":false},"excerpt":{"rendered":"<p>Herzlich willkommen auf meiner Webpage.\u00a0 Hier werde ich in Zukunft \u00fcber meine Aktivit\u00e4ten berichten, soweit diese von breiterem Interesse sein k\u00f6nnten.Wichtig sind f\u00fcr mich die Bereiche Politik, wo ich mich auf der Linie der CVP f\u00fcr Mensch und Umwelt einsetze.Des weiteren berichte ich hier laufend \u00fcber meine Aktivit\u00e4ten in Galgenen und Andermatt sowie alle gr\u00f6sseren &hellip; <\/p>\n<p class=\"link-more\"><a href=\"https:\/\/me-ga.ch\/\" class=\"more-link\"><span class=\"screen-reader-text\">\u201eHerzlich Willkommen&#8230;\u201c <\/span>weiterlesen<\/a><\/p>\n","protected":false},"author":2,"featured_media":0,"parent":0,"menu_order":0,"comment_status":"closed","ping_status":"closed","template":"","meta":{"footnotes":""},"class_list":["post-8","page","type-page","status-publish","hentry"],"_links":{"self":[{"href":"https:\/\/me-ga.ch\/index.php?rest_route=\/wp\/v2\/pages\/8","targetHints":{"allow":["GET"]}}],"collection":[{"href":"https:\/\/me-ga.ch\/index.php?rest_route=\/wp\/v2\/pages"}],"about":[{"href":"https:\/\/me-ga.ch\/index.php?rest_route=\/wp\/v2\/types\/page"}],"author":[{"embeddable":true,"href":"https:\/\/me-ga.ch\/index.php?rest_route=\/wp\/v2\/users\/2"}],"replies":[{"embeddable":true,"href":"https:\/\/me-ga.ch\/index.php?rest_route=%2Fwp%2Fv2%2Fcomments&post=8"}],"version-history":[{"count":5,"href":"https:\/\/me-ga.ch\/index.php?rest_route=\/wp\/v2\/pages\/8\/revisions"}],"predecessor-version":[{"id":190,"href":"https:\/\/me-ga.ch\/index.php?rest_route=\/wp\/v2\/pages\/8\/revisions\/190"}],"wp:attachment":[{"href":"https:\/\/me-ga.ch\/index.php?rest_route=%2Fwp%2Fv2%2Fmedia&parent=8"}],"curies":[{"name":"wp","href":"https:\/\/api.w.org\/{rel}","templated":true}]}}