{"id":40,"date":"2018-11-15T21:04:40","date_gmt":"2018-11-15T20:04:40","guid":{"rendered":"http:\/\/me-ga.ch.victorinus.ch-meta.net\/?page_id=40"},"modified":"2018-12-31T17:08:30","modified_gmt":"2018-12-31T16:08:30","slug":"andermatt","status":"publish","type":"page","link":"https:\/\/me-ga.ch\/?page_id=40","title":{"rendered":"Andermatt"},"content":{"rendered":"\n<p>In Andermatt habe ich den gr\u00f6ssten teil meiner Jugend verbracht. Kein Wunder zieht es mich immer wieder dorthin zur\u00fcck.<br>Ich habe mich fr\u00fcher und werde mich auch in Zukunft f\u00fcr eine gesunde Entwicklung in Andermatt engagieren.<br><\/p>\n\n\n\n<figure class=\"wp-block-image\"><img loading=\"lazy\" decoding=\"async\" width=\"1024\" height=\"768\" src=\"http:\/\/me-ga.ch\/wp-content\/uploads\/2018\/12\/DSC01245-1024x768.jpg\" alt=\"\" class=\"wp-image-193\" srcset=\"https:\/\/me-ga.ch\/wp-content\/uploads\/2018\/12\/DSC01245-1024x768.jpg 1024w, https:\/\/me-ga.ch\/wp-content\/uploads\/2018\/12\/DSC01245-300x225.jpg 300w, https:\/\/me-ga.ch\/wp-content\/uploads\/2018\/12\/DSC01245-768x576.jpg 768w\" sizes=\"auto, (max-width: 767px) 89vw, (max-width: 1000px) 54vw, (max-width: 1071px) 543px, 580px\" \/><figcaption>Mein Zuhause in Andermatt<\/figcaption><\/figure>\n\n\n\n<figure class=\"wp-block-image\"><img loading=\"lazy\" decoding=\"async\" width=\"1024\" height=\"768\" src=\"http:\/\/me-ga.ch\/wp-content\/uploads\/2018\/12\/FE6B99EC-899F-4FDE-ACD9-11A9C0DD06D6-1024x768.jpeg\" alt=\"\" class=\"wp-image-227\" srcset=\"https:\/\/me-ga.ch\/wp-content\/uploads\/2018\/12\/FE6B99EC-899F-4FDE-ACD9-11A9C0DD06D6-1024x768.jpeg 1024w, https:\/\/me-ga.ch\/wp-content\/uploads\/2018\/12\/FE6B99EC-899F-4FDE-ACD9-11A9C0DD06D6-300x225.jpeg 300w, https:\/\/me-ga.ch\/wp-content\/uploads\/2018\/12\/FE6B99EC-899F-4FDE-ACD9-11A9C0DD06D6-768x576.jpeg 768w\" sizes=\"auto, (max-width: 767px) 89vw, (max-width: 1000px) 54vw, (max-width: 1071px) 543px, 580px\" \/><figcaption>Blick aus dem Skigebiet Gemstock Richtung S\u00fcden<\/figcaption><\/figure>\n\n\n\n<figure class=\"wp-block-image\"><img loading=\"lazy\" decoding=\"async\" width=\"1024\" height=\"768\" src=\"http:\/\/me-ga.ch\/wp-content\/uploads\/2018\/12\/F1143208-50C4-418A-8C66-B57A4B3BF249-1024x768.jpeg\" alt=\"\" class=\"wp-image-228\" srcset=\"https:\/\/me-ga.ch\/wp-content\/uploads\/2018\/12\/F1143208-50C4-418A-8C66-B57A4B3BF249-1024x768.jpeg 1024w, https:\/\/me-ga.ch\/wp-content\/uploads\/2018\/12\/F1143208-50C4-418A-8C66-B57A4B3BF249-300x225.jpeg 300w, https:\/\/me-ga.ch\/wp-content\/uploads\/2018\/12\/F1143208-50C4-418A-8C66-B57A4B3BF249-768x576.jpeg 768w\" sizes=\"auto, (max-width: 767px) 89vw, (max-width: 1000px) 54vw, (max-width: 1071px) 543px, 580px\" \/><figcaption>Blick vom Gemstock Richtung Norden<\/figcaption><\/figure>\n\n\n\n<figure class=\"wp-block-image\"><img loading=\"lazy\" decoding=\"async\" width=\"1024\" height=\"576\" src=\"http:\/\/me-ga.ch\/wp-content\/uploads\/2018\/12\/E03C3C03-EC22-4E2B-AEDB-2D3D9C040583-1024x576.jpeg\" alt=\"\" class=\"wp-image-231\" srcset=\"https:\/\/me-ga.ch\/wp-content\/uploads\/2018\/12\/E03C3C03-EC22-4E2B-AEDB-2D3D9C040583-1024x576.jpeg 1024w, https:\/\/me-ga.ch\/wp-content\/uploads\/2018\/12\/E03C3C03-EC22-4E2B-AEDB-2D3D9C040583-300x169.jpeg 300w, https:\/\/me-ga.ch\/wp-content\/uploads\/2018\/12\/E03C3C03-EC22-4E2B-AEDB-2D3D9C040583-768x432.jpeg 768w, https:\/\/me-ga.ch\/wp-content\/uploads\/2018\/12\/E03C3C03-EC22-4E2B-AEDB-2D3D9C040583.jpeg 1599w\" sizes=\"auto, (max-width: 767px) 89vw, (max-width: 1000px) 54vw, (max-width: 1071px) 543px, 580px\" \/><figcaption>Lago di Lucendro westlich vom Gotthardpass<\/figcaption><\/figure>\n","protected":false},"excerpt":{"rendered":"<p>In Andermatt habe ich den gr\u00f6ssten teil meiner Jugend verbracht. Kein Wunder zieht es mich immer wieder dorthin zur\u00fcck.Ich habe mich fr\u00fcher und werde mich auch in Zukunft f\u00fcr eine gesunde Entwicklung in Andermatt engagieren.<\/p>\n","protected":false},"author":2,"featured_media":0,"parent":0,"menu_order":0,"comment_status":"closed","ping_status":"closed","template":"","meta":{"footnotes":""},"class_list":["post-40","page","type-page","status-publish","hentry"],"_links":{"self":[{"href":"https:\/\/me-ga.ch\/index.php?rest_route=\/wp\/v2\/pages\/40","targetHints":{"allow":["GET"]}}],"collection":[{"href":"https:\/\/me-ga.ch\/index.php?rest_route=\/wp\/v2\/pages"}],"about":[{"href":"https:\/\/me-ga.ch\/index.php?rest_route=\/wp\/v2\/types\/page"}],"author":[{"embeddable":true,"href":"https:\/\/me-ga.ch\/index.php?rest_route=\/wp\/v2\/users\/2"}],"replies":[{"embeddable":true,"href":"https:\/\/me-ga.ch\/index.php?rest_route=%2Fwp%2Fv2%2Fcomments&post=40"}],"version-history":[{"count":4,"href":"https:\/\/me-ga.ch\/index.php?rest_route=\/wp\/v2\/pages\/40\/revisions"}],"predecessor-version":[{"id":232,"href":"https:\/\/me-ga.ch\/index.php?rest_route=\/wp\/v2\/pages\/40\/revisions\/232"}],"wp:attachment":[{"href":"https:\/\/me-ga.ch\/index.php?rest_route=%2Fwp%2Fv2%2Fmedia&parent=40"}],"curies":[{"name":"wp","href":"https:\/\/api.w.org\/{rel}","templated":true}]}}