{"id":35,"date":"2018-11-15T20:55:23","date_gmt":"2018-11-15T19:55:23","guid":{"rendered":"http:\/\/me-ga.ch.victorinus.ch-meta.net\/?page_id=35"},"modified":"2018-12-31T14:54:19","modified_gmt":"2018-12-31T13:54:19","slug":"galgenen","status":"publish","type":"page","link":"https:\/\/me-ga.ch\/?page_id=35","title":{"rendered":"Galgenen"},"content":{"rendered":"\n<p>Auch wenn ich im Herzen immer Urschner geblieben bin, so ist meine Heimat heute doch Galgenen. In Galgenen haben Brigitta und ich 3 Kinder grossgezogen und den gr\u00f6ssten Teil unseres Lebens verbracht. W\u00e4hrend all den jahren haben wir uns immer wieder aktiv f\u00fcr die Entwicklung von Galgenen engagiert.<\/p>\n\n\n\n<div class=\"wp-block-image\"><figure class=\"alignleft is-resized\"><img loading=\"lazy\" decoding=\"async\" src=\"http:\/\/me-ga.ch\/wp-content\/uploads\/2018\/12\/Wappen-Galgenen.jpg\" alt=\"\" class=\"wp-image-196\" width=\"175\" height=\"211\"\/><\/figure><\/div>\n\n\n\n<p>W\u00e4hrend 14 Jahren bet\u00e4tigte ich mich als Gemeinderat von Galgenen, davon die meiste Zeit als S\u00e4ckelmeister.<br>Mit Zufriedenheit blicke ich darauf zur\u00fcck, dass w\u00e4hrend meiner Zeit als Gemeinderat einige wichtige Infrastrukturprojekte, darunter die Anlage Tischmacherhof, realisiert werden konnten<br><\/p>\n\n\n\n<figure class=\"wp-block-image\"><img loading=\"lazy\" decoding=\"async\" width=\"800\" height=\"600\" src=\"http:\/\/me-ga.ch\/wp-content\/uploads\/2018\/12\/Galgenen_Dorf2.jpg\" alt=\"\" class=\"wp-image-199\" srcset=\"https:\/\/me-ga.ch\/wp-content\/uploads\/2018\/12\/Galgenen_Dorf2.jpg 800w, https:\/\/me-ga.ch\/wp-content\/uploads\/2018\/12\/Galgenen_Dorf2-300x225.jpg 300w, https:\/\/me-ga.ch\/wp-content\/uploads\/2018\/12\/Galgenen_Dorf2-768x576.jpg 768w\" sizes=\"auto, (max-width: 767px) 89vw, (max-width: 1000px) 54vw, (max-width: 1071px) 543px, 580px\" \/><figcaption>Blick auf Galgenen und den Z\u00fcrichsee<\/figcaption><\/figure>\n","protected":false},"excerpt":{"rendered":"<p>Auch wenn ich im Herzen immer Urschner geblieben bin, so ist meine Heimat heute doch Galgenen. In Galgenen haben Brigitta und ich 3 Kinder grossgezogen und den gr\u00f6ssten Teil unseres Lebens verbracht. W\u00e4hrend all den jahren haben wir uns immer wieder aktiv f\u00fcr die Entwicklung von Galgenen engagiert. W\u00e4hrend 14 Jahren bet\u00e4tigte ich mich als &hellip; <\/p>\n<p class=\"link-more\"><a href=\"https:\/\/me-ga.ch\/?page_id=35\" class=\"more-link\"><span class=\"screen-reader-text\">\u201eGalgenen\u201c <\/span>weiterlesen<\/a><\/p>\n","protected":false},"author":2,"featured_media":99,"parent":0,"menu_order":0,"comment_status":"closed","ping_status":"closed","template":"","meta":{"footnotes":""},"class_list":["post-35","page","type-page","status-publish","has-post-thumbnail","hentry"],"_links":{"self":[{"href":"https:\/\/me-ga.ch\/index.php?rest_route=\/wp\/v2\/pages\/35","targetHints":{"allow":["GET"]}}],"collection":[{"href":"https:\/\/me-ga.ch\/index.php?rest_route=\/wp\/v2\/pages"}],"about":[{"href":"https:\/\/me-ga.ch\/index.php?rest_route=\/wp\/v2\/types\/page"}],"author":[{"embeddable":true,"href":"https:\/\/me-ga.ch\/index.php?rest_route=\/wp\/v2\/users\/2"}],"replies":[{"embeddable":true,"href":"https:\/\/me-ga.ch\/index.php?rest_route=%2Fwp%2Fv2%2Fcomments&post=35"}],"version-history":[{"count":4,"href":"https:\/\/me-ga.ch\/index.php?rest_route=\/wp\/v2\/pages\/35\/revisions"}],"predecessor-version":[{"id":200,"href":"https:\/\/me-ga.ch\/index.php?rest_route=\/wp\/v2\/pages\/35\/revisions\/200"}],"wp:featuredmedia":[{"embeddable":true,"href":"https:\/\/me-ga.ch\/index.php?rest_route=\/wp\/v2\/media\/99"}],"wp:attachment":[{"href":"https:\/\/me-ga.ch\/index.php?rest_route=%2Fwp%2Fv2%2Fmedia&parent=35"}],"curies":[{"name":"wp","href":"https:\/\/api.w.org\/{rel}","templated":true}]}}