{"id":1565,"date":"2020-08-04T22:24:36","date_gmt":"2020-08-04T20:24:36","guid":{"rendered":"https:\/\/me-ga.ch\/?page_id=1565"},"modified":"2020-10-10T17:36:36","modified_gmt":"2020-10-10T15:36:36","slug":"wandern","status":"publish","type":"page","link":"https:\/\/me-ga.ch\/?page_id=1565","title":{"rendered":"Wandern"},"content":{"rendered":"\n<p>Wandern ist unser grosses Hobby. In diesem Bereich erf\u00e4hrt Ihr wohin uns Schusters Rappen bereits hingef\u00fchrt hat.<\/p>\n\n\n\n\n<div class=\"su-posts su-posts-default-loop \">\n\n\t\n\t\t\t\t\t\n\t\t\t\n\t\t\t<div id=\"su-post-1487\" class=\"su-post \">\n\n\t\t\t\t\t\t\t\t\t<a class=\"su-post-thumbnail\" href=\"https:\/\/me-ga.ch\/?p=1487\"><img loading=\"lazy\" decoding=\"async\" width=\"1920\" height=\"2560\" src=\"https:\/\/me-ga.ch\/wp-content\/uploads\/2020\/08\/20200725_104344062_iOS-scaled.jpg\" class=\"attachment-post-thumbnail size-post-thumbnail wp-post-image\" alt=\"\" srcset=\"https:\/\/me-ga.ch\/wp-content\/uploads\/2020\/08\/20200725_104344062_iOS-scaled.jpg 1920w, https:\/\/me-ga.ch\/wp-content\/uploads\/2020\/08\/20200725_104344062_iOS-225x300.jpg 225w, https:\/\/me-ga.ch\/wp-content\/uploads\/2020\/08\/20200725_104344062_iOS-768x1024.jpg 768w, https:\/\/me-ga.ch\/wp-content\/uploads\/2020\/08\/20200725_104344062_iOS-1152x1536.jpg 1152w, https:\/\/me-ga.ch\/wp-content\/uploads\/2020\/08\/20200725_104344062_iOS-1536x2048.jpg 1536w\" sizes=\"auto, 100vw\" \/><\/a>\n\t\t\t\t\n\t\t\t\t<h2 class=\"su-post-title\"><a href=\"https:\/\/me-ga.ch\/?p=1487\">Wanderung von Chilcherberge nach Golzern<\/a><\/h2>\n\n\t\t\t\t<div class=\"su-post-meta\">\n\t\t\t\t\tVer\u00f6ffentlicht: 25. Juli 2020\t\t\t\t<\/div>\n\n\t\t\t\t<div class=\"su-post-excerpt\">\n\t\t\t\t\t<p>Kurzfristig haben wir uns gestern entschieden, wieder einmal eine kurze Wanderung (ca 3.5h) im Urner Unterland zu geniessen. Mit dem Auto gings nach Silenen, zur Talstation der Openair-Seilbahn nach Chilcherberge (Busstation D\u00e4gerlohn).Wie nachfolgende Bilder zeigen bietet die Wanderung wunderbare Ausblicke ins Urner Reusstal und ins Maderanertal mit dem Bristenstock.<\/p>\n\t\t\t\t<\/div>\n\n\t\t\t\t\t\t\t\t\t<a href=\"https:\/\/me-ga.ch\/?p=1487#respond\" class=\"su-post-comments-link\">0 Kommentare<\/a>\n\t\t\t\t\n\t\t\t<\/div>\n\n\t\t\t\t\t\n\t\t\t\n\t\t\t<div id=\"su-post-1540\" class=\"su-post \">\n\n\t\t\t\t\t\t\t\t\t<a class=\"su-post-thumbnail\" href=\"https:\/\/me-ga.ch\/?p=1540\"><img loading=\"lazy\" decoding=\"async\" width=\"1920\" height=\"2560\" src=\"https:\/\/me-ga.ch\/wp-content\/uploads\/2020\/08\/EE37608E-5084-4D9D-899D-53D5686C315C-scaled.jpeg\" class=\"attachment-post-thumbnail size-post-thumbnail wp-post-image\" alt=\"\" srcset=\"https:\/\/me-ga.ch\/wp-content\/uploads\/2020\/08\/EE37608E-5084-4D9D-899D-53D5686C315C-scaled.jpeg 1920w, https:\/\/me-ga.ch\/wp-content\/uploads\/2020\/08\/EE37608E-5084-4D9D-899D-53D5686C315C-225x300.jpeg 225w, https:\/\/me-ga.ch\/wp-content\/uploads\/2020\/08\/EE37608E-5084-4D9D-899D-53D5686C315C-768x1024.jpeg 768w, https:\/\/me-ga.ch\/wp-content\/uploads\/2020\/08\/EE37608E-5084-4D9D-899D-53D5686C315C-1152x1536.jpeg 1152w, https:\/\/me-ga.ch\/wp-content\/uploads\/2020\/08\/EE37608E-5084-4D9D-899D-53D5686C315C-1536x2048.jpeg 1536w\" sizes=\"auto, 100vw\" \/><\/a>\n\t\t\t\t\n\t\t\t\t<h2 class=\"su-post-title\"><a href=\"https:\/\/me-ga.ch\/?p=1540\">Von Disentis nach Sedrun<\/a><\/h2>\n\n\t\t\t\t<div class=\"su-post-meta\">\n\t\t\t\t\tVer\u00f6ffentlicht: 31. Juli 2020\t\t\t\t<\/div>\n\n\t\t\t\t<div class=\"su-post-excerpt\">\n\t\t\t\t\t<p>Ohne uns gross um die Details zu k\u00fcmmern haben wir uns erst gegen Mittag entschlossen eine kleine, einfache Wanderung von Disentis nach Sedrun mit abschliessendem Bad im Lag da Glaus zu unternehmen..Was sich vom Gef\u00fchl her relativ harmlos ausmacht wurde eine recht strenge Wanderung mit mehreren Auf und Abstiegen hinunter zum Rhein und dann wieder &hellip; <\/p>\n<p class=\"link-more\"><a href=\"https:\/\/me-ga.ch\/?p=1540\" class=\"more-link\"><span class=\"screen-reader-text\">\u201eVon Disentis nach Sedrun\u201c <\/span>weiterlesen<\/a><\/p>\n\t\t\t\t<\/div>\n\n\t\t\t\t\t\t\t\t\t<a href=\"https:\/\/me-ga.ch\/?p=1540#respond\" class=\"su-post-comments-link\">0 Kommentare<\/a>\n\t\t\t\t\n\t\t\t<\/div>\n\n\t\t\t\t\t\n\t\t\t\n\t\t\t<div id=\"su-post-1577\" class=\"su-post \">\n\n\t\t\t\t\t\t\t\t\t<a class=\"su-post-thumbnail\" href=\"https:\/\/me-ga.ch\/?p=1577\"><img loading=\"lazy\" decoding=\"async\" width=\"1920\" height=\"2560\" src=\"https:\/\/me-ga.ch\/wp-content\/uploads\/2020\/08\/IMG_3389-scaled.jpg\" class=\"attachment-post-thumbnail size-post-thumbnail wp-post-image\" alt=\"\" srcset=\"https:\/\/me-ga.ch\/wp-content\/uploads\/2020\/08\/IMG_3389-scaled.jpg 1920w, https:\/\/me-ga.ch\/wp-content\/uploads\/2020\/08\/IMG_3389-225x300.jpg 225w, https:\/\/me-ga.ch\/wp-content\/uploads\/2020\/08\/IMG_3389-768x1024.jpg 768w, https:\/\/me-ga.ch\/wp-content\/uploads\/2020\/08\/IMG_3389-1152x1536.jpg 1152w, https:\/\/me-ga.ch\/wp-content\/uploads\/2020\/08\/IMG_3389-1536x2048.jpg 1536w\" sizes=\"auto, 100vw\" \/><\/a>\n\t\t\t\t\n\t\t\t\t<h2 class=\"su-post-title\"><a href=\"https:\/\/me-ga.ch\/?p=1577\">Von Oberwald nach Gletsch<\/a><\/h2>\n\n\t\t\t\t<div class=\"su-post-meta\">\n\t\t\t\t\tVer\u00f6ffentlicht: 1. August 2020\t\t\t\t<\/div>\n\n\t\t\t\t<div class=\"su-post-excerpt\">\n\t\t\t\t\t<p>Ganz dem Motto &#8222;Das Sch\u00f6ne liegt so nah&#8220; wandern wir heute von Oberwald nach Gletsch. Wirklich sehr empfehlenswert und genau die richtige Wanderung f\u00fcr einen 1. August. Das T\u00fcpfchen auf dem i war die Heimreise von Gletsch mit der DFB &#8211; zwar nur mit einer Diesellok, aber trotzdem wundersch\u00f6n.<\/p>\n\t\t\t\t<\/div>\n\n\t\t\t\t\t\t\t\t\t<a href=\"https:\/\/me-ga.ch\/?p=1577#respond\" class=\"su-post-comments-link\">0 Kommentare<\/a>\n\t\t\t\t\n\t\t\t<\/div>\n\n\t\t\t\t\t\n\t\t\t\n\t\t\t<div id=\"su-post-1579\" class=\"su-post \">\n\n\t\t\t\t\t\t\t\t\t<a class=\"su-post-thumbnail\" href=\"https:\/\/me-ga.ch\/?p=1579\"><img loading=\"lazy\" decoding=\"async\" width=\"1920\" height=\"2560\" src=\"https:\/\/me-ga.ch\/wp-content\/uploads\/2020\/08\/IMG_3410-scaled.jpg\" class=\"attachment-post-thumbnail size-post-thumbnail wp-post-image\" alt=\"\" srcset=\"https:\/\/me-ga.ch\/wp-content\/uploads\/2020\/08\/IMG_3410-scaled.jpg 1920w, https:\/\/me-ga.ch\/wp-content\/uploads\/2020\/08\/IMG_3410-225x300.jpg 225w, https:\/\/me-ga.ch\/wp-content\/uploads\/2020\/08\/IMG_3410-768x1024.jpg 768w, https:\/\/me-ga.ch\/wp-content\/uploads\/2020\/08\/IMG_3410-1152x1536.jpg 1152w, https:\/\/me-ga.ch\/wp-content\/uploads\/2020\/08\/IMG_3410-1536x2048.jpg 1536w\" sizes=\"auto, 100vw\" \/><\/a>\n\t\t\t\t\n\t\t\t\t<h2 class=\"su-post-title\"><a href=\"https:\/\/me-ga.ch\/?p=1579\">Heidelbeeren sammeln ob Zumdorf mit Spaziergang nach Hospental<\/a><\/h2>\n\n\t\t\t\t<div class=\"su-post-meta\">\n\t\t\t\t\tVer\u00f6ffentlicht: 2. August 2020\t\t\t\t<\/div>\n\n\t\t\t\t<div class=\"su-post-excerpt\">\n\t\t\t\t\t<p>Heidelbeeren sind f\u00fcr mich etwas vom Feinsten. Aber daf\u00fcr muss man in der Regel etwas tun. Ob Zumdorf bin ich schon als Kind immer Heidelbeeren sammeln gegangen. Heute gehen wir ein bisschen h\u00f6her hinauf und nehmen den Abstieg nach Hospental. Wunderbarer weg mit sch\u00f6ner Aussicht.<\/p>\n\t\t\t\t<\/div>\n\n\t\t\t\t\t\t\t\t\t<a href=\"https:\/\/me-ga.ch\/?p=1579#respond\" class=\"su-post-comments-link\">0 Kommentare<\/a>\n\t\t\t\t\n\t\t\t<\/div>\n\n\t\t\t\t\t\n\t\t\t\n\t\t\t<div id=\"su-post-1649\" class=\"su-post \">\n\n\t\t\t\t\t\t\t\t\t<a class=\"su-post-thumbnail\" href=\"https:\/\/me-ga.ch\/?p=1649\"><img loading=\"lazy\" decoding=\"async\" width=\"1920\" height=\"2560\" src=\"https:\/\/me-ga.ch\/wp-content\/uploads\/2020\/09\/ED279A05-B190-49CC-98D7-C99E96206568-scaled.jpeg\" class=\"attachment-post-thumbnail size-post-thumbnail wp-post-image\" alt=\"\" srcset=\"https:\/\/me-ga.ch\/wp-content\/uploads\/2020\/09\/ED279A05-B190-49CC-98D7-C99E96206568-scaled.jpeg 1920w, https:\/\/me-ga.ch\/wp-content\/uploads\/2020\/09\/ED279A05-B190-49CC-98D7-C99E96206568-225x300.jpeg 225w, https:\/\/me-ga.ch\/wp-content\/uploads\/2020\/09\/ED279A05-B190-49CC-98D7-C99E96206568-768x1024.jpeg 768w, https:\/\/me-ga.ch\/wp-content\/uploads\/2020\/09\/ED279A05-B190-49CC-98D7-C99E96206568-1152x1536.jpeg 1152w, https:\/\/me-ga.ch\/wp-content\/uploads\/2020\/09\/ED279A05-B190-49CC-98D7-C99E96206568-1536x2048.jpeg 1536w\" sizes=\"auto, 100vw\" \/><\/a>\n\t\t\t\t\n\t\t\t\t<h2 class=\"su-post-title\"><a href=\"https:\/\/me-ga.ch\/?p=1649\">Chr\u00fctzlipass &#8211; Von Bristen nach Sedrun<\/a><\/h2>\n\n\t\t\t\t<div class=\"su-post-meta\">\n\t\t\t\t\tVer\u00f6ffentlicht: 6. August 2020\t\t\t\t<\/div>\n\n\t\t\t\t<div class=\"su-post-excerpt\">\n\t\t\t\t\t<p>5.\/6. August 2020 Urspr\u00fcnglich wollten wir die Wanderung von Bristen nach Sedrun mit \u00dcbernachtung in der Etzlih\u00fctte am 2.\/3. August in Angriff nehmen. Das Wetter mit Schnee bis etwa 2000 Meter hat uns aber zu einer Verschiebung gezwungen. Schliesslich wurden wir am 5.\/6. August aber mit herrlichstem Wetter belohnt. Von Andermatt aus machten wir uns &hellip; <\/p>\n<p class=\"link-more\"><a href=\"https:\/\/me-ga.ch\/?p=1649\" class=\"more-link\"><span class=\"screen-reader-text\">\u201eChr\u00fctzlipass &#8211; Von Bristen nach Sedrun\u201c <\/span>weiterlesen<\/a><\/p>\n\t\t\t\t<\/div>\n\n\t\t\t\t\t\t\t\t\t<a href=\"https:\/\/me-ga.ch\/?p=1649#respond\" class=\"su-post-comments-link\">0 Kommentare<\/a>\n\t\t\t\t\n\t\t\t<\/div>\n\n\t\t\t\t\t\n\t\t\t\n\t\t\t<div id=\"su-post-1651\" class=\"su-post \">\n\n\t\t\t\t\t\t\t\t\t<a class=\"su-post-thumbnail\" href=\"https:\/\/me-ga.ch\/?p=1651\"><img loading=\"lazy\" decoding=\"async\" width=\"1920\" height=\"2560\" src=\"https:\/\/me-ga.ch\/wp-content\/uploads\/2020\/09\/9203B6E4-35E2-4DB8-A768-A040E40BF34B-scaled.jpeg\" class=\"attachment-post-thumbnail size-post-thumbnail wp-post-image\" alt=\"\" srcset=\"https:\/\/me-ga.ch\/wp-content\/uploads\/2020\/09\/9203B6E4-35E2-4DB8-A768-A040E40BF34B-scaled.jpeg 1920w, https:\/\/me-ga.ch\/wp-content\/uploads\/2020\/09\/9203B6E4-35E2-4DB8-A768-A040E40BF34B-225x300.jpeg 225w, https:\/\/me-ga.ch\/wp-content\/uploads\/2020\/09\/9203B6E4-35E2-4DB8-A768-A040E40BF34B-768x1024.jpeg 768w, https:\/\/me-ga.ch\/wp-content\/uploads\/2020\/09\/9203B6E4-35E2-4DB8-A768-A040E40BF34B-1152x1536.jpeg 1152w, https:\/\/me-ga.ch\/wp-content\/uploads\/2020\/09\/9203B6E4-35E2-4DB8-A768-A040E40BF34B-1536x2048.jpeg 1536w\" sizes=\"auto, 100vw\" \/><\/a>\n\t\t\t\t\n\t\t\t\t<h2 class=\"su-post-title\"><a href=\"https:\/\/me-ga.ch\/?p=1651\">Ausflug Arth &#8211; Immensee &#8211; Chiemen<\/a><\/h2>\n\n\t\t\t\t<div class=\"su-post-meta\">\n\t\t\t\t\tVer\u00f6ffentlicht: 23. August 2020\t\t\t\t<\/div>\n\n\t\t\t\t<div class=\"su-post-excerpt\">\n\t\t\t\t\t<p>23. August 2020 Geplant war ein gem\u00fctlicher Ausflug mit unserer Tochter Fabienne, ihrem Mann Michael und deren etwa 6 Monate alten Tochter Luisa. Und es begann in der Tat auch gem\u00fctlich mit einer Schiffahrt von Arth nach Immensee. Auch der anschliessende Spaziergang bis zum Restaurant Baumg\u00e4rtli war sehr entspannend. Anschliessend mussten Brigitte und unser Schwiegersohn &hellip; <\/p>\n<p class=\"link-more\"><a href=\"https:\/\/me-ga.ch\/?p=1651\" class=\"more-link\"><span class=\"screen-reader-text\">\u201eAusflug Arth &#8211; Immensee &#8211; Chiemen\u201c <\/span>weiterlesen<\/a><\/p>\n\t\t\t\t<\/div>\n\n\t\t\t\t\t\t\t\t\t<a href=\"https:\/\/me-ga.ch\/?p=1651#respond\" class=\"su-post-comments-link\">0 Kommentare<\/a>\n\t\t\t\t\n\t\t\t<\/div>\n\n\t\t\t\t\t\n\t\t\t\n\t\t\t<div id=\"su-post-1702\" class=\"su-post \">\n\n\t\t\t\t\t\t\t\t\t<a class=\"su-post-thumbnail\" href=\"https:\/\/me-ga.ch\/?p=1702\"><img loading=\"lazy\" decoding=\"async\" width=\"1920\" height=\"2560\" src=\"https:\/\/me-ga.ch\/wp-content\/uploads\/2020\/09\/DC72C242-186B-4AEA-BA10-13E351909CB6-scaled.jpeg\" class=\"attachment-post-thumbnail size-post-thumbnail wp-post-image\" alt=\"\" srcset=\"https:\/\/me-ga.ch\/wp-content\/uploads\/2020\/09\/DC72C242-186B-4AEA-BA10-13E351909CB6-scaled.jpeg 1920w, https:\/\/me-ga.ch\/wp-content\/uploads\/2020\/09\/DC72C242-186B-4AEA-BA10-13E351909CB6-225x300.jpeg 225w, https:\/\/me-ga.ch\/wp-content\/uploads\/2020\/09\/DC72C242-186B-4AEA-BA10-13E351909CB6-768x1024.jpeg 768w, https:\/\/me-ga.ch\/wp-content\/uploads\/2020\/09\/DC72C242-186B-4AEA-BA10-13E351909CB6-1152x1536.jpeg 1152w, https:\/\/me-ga.ch\/wp-content\/uploads\/2020\/09\/DC72C242-186B-4AEA-BA10-13E351909CB6-1536x2048.jpeg 1536w\" sizes=\"auto, 100vw\" \/><\/a>\n\t\t\t\t\n\t\t\t\t<h2 class=\"su-post-title\"><a href=\"https:\/\/me-ga.ch\/?p=1702\">Von Einsiedeln nach Galgenen<\/a><\/h2>\n\n\t\t\t\t<div class=\"su-post-meta\">\n\t\t\t\t\tVer\u00f6ffentlicht: 20. September 2020\t\t\t\t<\/div>\n\n\t\t\t\t<div class=\"su-post-excerpt\">\n\t\t\t\t\t<p>20.9.2020 Warum in die Ferne schweifen, wenn das Sch\u00f6ne so nahe liegt. Genau das war unser Motto am zu Ende gehenden Wochenende. Cedric brachte uns am Sonntagmorgen nach Pf\u00e4ffikon, von wo wir mit dem Zug nach Einsiedeln fuhren. Die Wanderung zur\u00fcck nach Galgenen war ein Highlight, das wir nicht so schnell vergessen werden. Die Nachfolgenden &hellip; <\/p>\n<p class=\"link-more\"><a href=\"https:\/\/me-ga.ch\/?p=1702\" class=\"more-link\"><span class=\"screen-reader-text\">\u201eVon Einsiedeln nach Galgenen\u201c <\/span>weiterlesen<\/a><\/p>\n\t\t\t\t<\/div>\n\n\t\t\t\t\t\t\t\t\t<a href=\"https:\/\/me-ga.ch\/?p=1702#respond\" class=\"su-post-comments-link\">0 Kommentare<\/a>\n\t\t\t\t\n\t\t\t<\/div>\n\n\t\t\t\t\t\n\t\t\t\n\t\t\t<div id=\"su-post-1720\" class=\"su-post \">\n\n\t\t\t\t\t\t\t\t\t<a class=\"su-post-thumbnail\" href=\"https:\/\/me-ga.ch\/?p=1720\"><img loading=\"lazy\" decoding=\"async\" width=\"1920\" height=\"2560\" src=\"https:\/\/me-ga.ch\/wp-content\/uploads\/2020\/10\/F9CD23B9-6D91-43A2-A76D-38EC2B60F653-scaled.jpeg\" class=\"attachment-post-thumbnail size-post-thumbnail wp-post-image\" alt=\"\" srcset=\"https:\/\/me-ga.ch\/wp-content\/uploads\/2020\/10\/F9CD23B9-6D91-43A2-A76D-38EC2B60F653-scaled.jpeg 1920w, https:\/\/me-ga.ch\/wp-content\/uploads\/2020\/10\/F9CD23B9-6D91-43A2-A76D-38EC2B60F653-225x300.jpeg 225w, https:\/\/me-ga.ch\/wp-content\/uploads\/2020\/10\/F9CD23B9-6D91-43A2-A76D-38EC2B60F653-768x1024.jpeg 768w, https:\/\/me-ga.ch\/wp-content\/uploads\/2020\/10\/F9CD23B9-6D91-43A2-A76D-38EC2B60F653-1152x1536.jpeg 1152w, https:\/\/me-ga.ch\/wp-content\/uploads\/2020\/10\/F9CD23B9-6D91-43A2-A76D-38EC2B60F653-1536x2048.jpeg 1536w\" sizes=\"auto, 100vw\" \/><\/a>\n\t\t\t\t\n\t\t\t\t<h2 class=\"su-post-title\"><a href=\"https:\/\/me-ga.ch\/?p=1720\">Besuch im Tierpark Goldau<\/a><\/h2>\n\n\t\t\t\t<div class=\"su-post-meta\">\n\t\t\t\t\tVer\u00f6ffentlicht: 7. Oktober 2020\t\t\t\t<\/div>\n\n\t\t\t\t<div class=\"su-post-excerpt\">\n\t\t\t\t\t<p>Zum 60.zigsten Geburtstag von Ruedi Gisler haben wir ihm eine F\u00fchrung durch den Tierpark Goldau mit anschliessendem Nachtessen geschenkt. Heute, am 7. Oktober 2020 k\u00f6nnen wir das Geburtstagsgeschenk endlich \u00fcberreichen. Da wir eine Gruppenf\u00fchrung von bis zu 20 Personen gebucht haben, sind neben Ruedi und Vreni auch Fabienne und Michael dabei. Lustigerweise stammt unsere F\u00fchrerin &hellip; <\/p>\n<p class=\"link-more\"><a href=\"https:\/\/me-ga.ch\/?p=1720\" class=\"more-link\"><span class=\"screen-reader-text\">\u201eBesuch im Tierpark Goldau\u201c <\/span>weiterlesen<\/a><\/p>\n\t\t\t\t<\/div>\n\n\t\t\t\t\t\t\t\t\t<a href=\"https:\/\/me-ga.ch\/?p=1720#respond\" class=\"su-post-comments-link\">0 Kommentare<\/a>\n\t\t\t\t\n\t\t\t<\/div>\n\n\t\t\t\t\t\n\t\t\t\n\t\t\t<div id=\"su-post-1722\" class=\"su-post \">\n\n\t\t\t\t\t\t\t\t\t<a class=\"su-post-thumbnail\" href=\"https:\/\/me-ga.ch\/?p=1722\"><img loading=\"lazy\" decoding=\"async\" width=\"1920\" height=\"2560\" src=\"https:\/\/me-ga.ch\/wp-content\/uploads\/2020\/10\/FC2B6322-6F03-44FA-99A5-84ABBB9370D0-scaled.jpeg\" class=\"attachment-post-thumbnail size-post-thumbnail wp-post-image\" alt=\"\" srcset=\"https:\/\/me-ga.ch\/wp-content\/uploads\/2020\/10\/FC2B6322-6F03-44FA-99A5-84ABBB9370D0-scaled.jpeg 1920w, https:\/\/me-ga.ch\/wp-content\/uploads\/2020\/10\/FC2B6322-6F03-44FA-99A5-84ABBB9370D0-225x300.jpeg 225w, https:\/\/me-ga.ch\/wp-content\/uploads\/2020\/10\/FC2B6322-6F03-44FA-99A5-84ABBB9370D0-768x1024.jpeg 768w, https:\/\/me-ga.ch\/wp-content\/uploads\/2020\/10\/FC2B6322-6F03-44FA-99A5-84ABBB9370D0-1152x1536.jpeg 1152w, https:\/\/me-ga.ch\/wp-content\/uploads\/2020\/10\/FC2B6322-6F03-44FA-99A5-84ABBB9370D0-1536x2048.jpeg 1536w\" sizes=\"auto, 100vw\" \/><\/a>\n\t\t\t\t\n\t\t\t\t<h2 class=\"su-post-title\"><a href=\"https:\/\/me-ga.ch\/?p=1722\">Wanderung auf den Regliberg in der G\u00f6scheneralp<\/a><\/h2>\n\n\t\t\t\t<div class=\"su-post-meta\">\n\t\t\t\t\tVer\u00f6ffentlicht: 8. Oktober 2020\t\t\t\t<\/div>\n\n\t\t\t\t<div class=\"su-post-excerpt\">\n\t\t\t\t\t<p>Schon lange haben wir uns vorgenommen, einmal den Regliberg im G\u00f6scheneralptal anzusehen. Wir starteten bei der Kirche in G\u00f6schenen und wanderten langsam den eher beschwerlichen Weg hinauf. Der gr\u00f6sste Teil des Wegs verl\u00e4uft im Wald und f\u00fchrte uns immer wieder an eindr\u00fccklichen Steinformationen mit Tannen in extremen Positionen vorbei. Auf dem Regliberg angekommen, gab es &hellip; <\/p>\n<p class=\"link-more\"><a href=\"https:\/\/me-ga.ch\/?p=1722\" class=\"more-link\"><span class=\"screen-reader-text\">\u201eWanderung auf den Regliberg in der G\u00f6scheneralp\u201c <\/span>weiterlesen<\/a><\/p>\n\t\t\t\t<\/div>\n\n\t\t\t\t\t\t\t\t\t<a href=\"https:\/\/me-ga.ch\/?p=1722#respond\" class=\"su-post-comments-link\">0 Kommentare<\/a>\n\t\t\t\t\n\t\t\t<\/div>\n\n\t\t\n\t\n<\/div>\n\n","protected":false},"excerpt":{"rendered":"<p>Wandern ist unser grosses Hobby. In diesem Bereich erf\u00e4hrt Ihr wohin uns Schusters Rappen bereits hingef\u00fchrt hat.<\/p>\n","protected":false},"author":2,"featured_media":0,"parent":0,"menu_order":0,"comment_status":"closed","ping_status":"closed","template":"","meta":{"footnotes":""},"class_list":["post-1565","page","type-page","status-publish","hentry"],"_links":{"self":[{"href":"https:\/\/me-ga.ch\/index.php?rest_route=\/wp\/v2\/pages\/1565","targetHints":{"allow":["GET"]}}],"collection":[{"href":"https:\/\/me-ga.ch\/index.php?rest_route=\/wp\/v2\/pages"}],"about":[{"href":"https:\/\/me-ga.ch\/index.php?rest_route=\/wp\/v2\/types\/page"}],"author":[{"embeddable":true,"href":"https:\/\/me-ga.ch\/index.php?rest_route=\/wp\/v2\/users\/2"}],"replies":[{"embeddable":true,"href":"https:\/\/me-ga.ch\/index.php?rest_route=%2Fwp%2Fv2%2Fcomments&post=1565"}],"version-history":[{"count":5,"href":"https:\/\/me-ga.ch\/index.php?rest_route=\/wp\/v2\/pages\/1565\/revisions"}],"predecessor-version":[{"id":1763,"href":"https:\/\/me-ga.ch\/index.php?rest_route=\/wp\/v2\/pages\/1565\/revisions\/1763"}],"wp:attachment":[{"href":"https:\/\/me-ga.ch\/index.php?rest_route=%2Fwp%2Fv2%2Fmedia&parent=1565"}],"curies":[{"name":"wp","href":"https:\/\/api.w.org\/{rel}","templated":true}]}}